{"id":7,"date":"2018-09-16T01:52:20","date_gmt":"2018-09-16T07:52:20","guid":{"rendered":"https:\/\/puntamitalitibu.mx\/es\/?page_id=7"},"modified":"2024-04-17T20:21:55","modified_gmt":"2024-04-18T02:21:55","slug":"habitaciones-estudio","status":"publish","type":"page","link":"https:\/\/puntamitalitibu.mx\/es\/habitaciones-estudio\/","title":{"rendered":"Habitaciones Estudio"},"content":{"rendered":"<p><strong>Estudios Mar<\/strong><\/p>\n<p>(Tercer piso) tienen una cama queen size, vestidor, ba\u00f1o, cocineta (equipadas con refrigerador, estufa, microondas y utensilios de cocina) y tambi\u00e9n una gran terraza delantera con una incre\u00edble vista de la playa y el oc\u00e9ano.<\/p>\n<p>Ocupaci\u00f3n m\u00e1xima: 2 personas.<br \/>\n<script type=\"text\/javascript\">\r\ndocument.addEventListener(\"DOMContentLoaded\", function(event) { \r\n\tjQuery( '#slider-pro-3-126' ).sliderPro({\r\n\t\t\/\/width\r\n\t\t\t\twidth: 800,\r\n\t\t\t\t\r\n\t\t\/\/height\r\n\t\t\t\theight: 450,\r\n\t\t\t\t\r\n\t\t\/\/auto play\r\n\t\t\t\t\t\tautoplay: true,\r\n\t\tautoplayOnHover: 'pause',\r\n\t\t\t\t\t\tautoplayDelay: 5000,\r\n\t\t\r\n\t\t\r\n\t\tarrows: true,\r\n\t\tbuttons: false,\r\n\t\tsmallSize: 500,\r\n\t\tmediumSize: 1000,\r\n\t\tlargeSize: 3000,\r\n\t\tfade: true,\r\n\t\t\r\n\t\t\/\/thumbnail\r\n\t\tthumbnailArrows: true,\r\n\t\tthumbnailWidth: 50,\r\n\t\tthumbnailHeight: 50,\r\n\t\t\t\t\t\tthumbnailsPosition: 'bottom',\r\n\t\t\t\t\t\tcenterImage: true,\r\n\t\timageScaleMode: 'cover',\r\n\t\tallowScaleUp: true,\r\n\t\t\t\tstartSlide: 0,\r\n\t\tloop: true,\r\n\t\tslideDistance: 5,\r\n\t\tautoplayDirection: 'normal',\r\n\t\ttouchSwipe: true,\r\n\t\tfullScreen: true,\r\n\t});\r\n});\r\n<\/script>\r\n\r\n\t\t<div id=\"slider-pro-3-126\" class=\"slider-pro\">\r\n\t\t\t<!---- slides div start ---->\r\n\t\t\t<div class=\"sp-slides\">\r\n\t\t\t\t\t\t\t\t\t\t<div class=\"sp-slide\">\r\n\t\t\t\t\t\t\t<img decoding=\"async\" class=\"sp-image\" loading=\"lazy\" alt=\"Balc\u00f3n (2)\" src=\"https:\/\/puntamitalitibu.mx\/es\/wp-content\/plugins\/ultimate-responsive-image-slider\/assets\/css\/images\/blank.gif\" data-src=\"https:\/\/puntamitalitibu.mx\/es\/wp-content\/uploads\/Balcon-2-scaled.jpg\" \/>\r\n\r\n\t\t\t\t\t\t\t\r\n\t\t\t\t\t\t\t\t\t\t\t\t\t<\/div>\r\n\t\t\t\t\t\t\t\t\t\t\t\t<div class=\"sp-slide\">\r\n\t\t\t\t\t\t\t<img decoding=\"async\" class=\"sp-image\" loading=\"lazy\" alt=\"Slider04\" src=\"https:\/\/puntamitalitibu.mx\/es\/wp-content\/plugins\/ultimate-responsive-image-slider\/assets\/css\/images\/blank.gif\" data-src=\"https:\/\/puntamitalitibu.mx\/es\/wp-content\/uploads\/Slider04.jpg\" \/>\r\n\r\n\t\t\t\t\t\t\t\r\n\t\t\t\t\t\t\t\t\t\t\t\t\t<\/div>\r\n\t\t\t\t\t\t\t\t\t\t\t\t<div class=\"sp-slide\">\r\n\t\t\t\t\t\t\t<img decoding=\"async\" class=\"sp-image\" loading=\"lazy\" alt=\"Slider05\" src=\"https:\/\/puntamitalitibu.mx\/es\/wp-content\/plugins\/ultimate-responsive-image-slider\/assets\/css\/images\/blank.gif\" data-src=\"https:\/\/puntamitalitibu.mx\/es\/wp-content\/uploads\/Slider05.jpg\" \/>\r\n\r\n\t\t\t\t\t\t\t\r\n\t\t\t\t\t\t\t\t\t\t\t\t\t<\/div>\r\n\t\t\t\t\t\t\t\t\t\t\t\t<div class=\"sp-slide\">\r\n\t\t\t\t\t\t\t<img decoding=\"async\" class=\"sp-image\" loading=\"lazy\" alt=\"Rec\u00e1mara (1)\" src=\"https:\/\/puntamitalitibu.mx\/es\/wp-content\/plugins\/ultimate-responsive-image-slider\/assets\/css\/images\/blank.gif\" data-src=\"https:\/\/puntamitalitibu.mx\/es\/wp-content\/uploads\/Recamara-1-scaled.jpg\" \/>\r\n\r\n\t\t\t\t\t\t\t\r\n\t\t\t\t\t\t\t\t\t\t\t\t\t<\/div>\r\n\t\t\t\t\t\t\t\t\t\t\t\t<div class=\"sp-slide\">\r\n\t\t\t\t\t\t\t<img decoding=\"async\" class=\"sp-image\" loading=\"lazy\" alt=\"Cocineta (2)\" src=\"https:\/\/puntamitalitibu.mx\/es\/wp-content\/plugins\/ultimate-responsive-image-slider\/assets\/css\/images\/blank.gif\" data-src=\"https:\/\/puntamitalitibu.mx\/es\/wp-content\/uploads\/Cocineta-2-scaled.jpg\" \/>\r\n\r\n\t\t\t\t\t\t\t\r\n\t\t\t\t\t\t\t\t\t\t\t\t\t<\/div>\r\n\t\t\t\t\t\t\t\t\t\t\t\t<div class=\"sp-slide\">\r\n\t\t\t\t\t\t\t<img decoding=\"async\" class=\"sp-image\" loading=\"lazy\" alt=\"Cocineta (3)\" src=\"https:\/\/puntamitalitibu.mx\/es\/wp-content\/plugins\/ultimate-responsive-image-slider\/assets\/css\/images\/blank.gif\" data-src=\"https:\/\/puntamitalitibu.mx\/es\/wp-content\/uploads\/Cocineta-3-scaled.jpg\" \/>\r\n\r\n\t\t\t\t\t\t\t\r\n\t\t\t\t\t\t\t\t\t\t\t\t\t<\/div>\r\n\t\t\t\t\t\t\t\t\t<\/div>\r\n\t\t\t\r\n\t\t\t<!---- slides div end ---->\r\n\t\t\t\t\t\t<!-- slides thumbnails div start -->\r\n\t\t\t<div class=\"sp-thumbnails\">\r\n\t\t\t\t\t\t\t\t\t\t<img decoding=\"async\" class=\"sp-thumbnail\" loading=\"lazy\" src=\"https:\/\/puntamitalitibu.mx\/es\/wp-content\/plugins\/ultimate-responsive-image-slider\/assets\/img\/loading.gif\" data-src=\"https:\/\/puntamitalitibu.mx\/es\/wp-content\/uploads\/Balcon-2-300x200.jpg\" alt=\"Balc\u00f3n (2)\"\/>\r\n\t\t\t\t\t\t\t\t\t\t\t<img decoding=\"async\" class=\"sp-thumbnail\" loading=\"lazy\" src=\"https:\/\/puntamitalitibu.mx\/es\/wp-content\/plugins\/ultimate-responsive-image-slider\/assets\/img\/loading.gif\" data-src=\"https:\/\/puntamitalitibu.mx\/es\/wp-content\/uploads\/Slider04-300x103.jpg\" alt=\"Slider04\"\/>\r\n\t\t\t\t\t\t\t\t\t\t\t<img decoding=\"async\" class=\"sp-thumbnail\" loading=\"lazy\" src=\"https:\/\/puntamitalitibu.mx\/es\/wp-content\/plugins\/ultimate-responsive-image-slider\/assets\/img\/loading.gif\" data-src=\"https:\/\/puntamitalitibu.mx\/es\/wp-content\/uploads\/Slider05-300x103.jpg\" alt=\"Slider05\"\/>\r\n\t\t\t\t\t\t\t\t\t\t\t<img decoding=\"async\" class=\"sp-thumbnail\" loading=\"lazy\" src=\"https:\/\/puntamitalitibu.mx\/es\/wp-content\/plugins\/ultimate-responsive-image-slider\/assets\/img\/loading.gif\" data-src=\"https:\/\/puntamitalitibu.mx\/es\/wp-content\/uploads\/Recamara-1-300x200.jpg\" alt=\"Rec\u00e1mara (1)\"\/>\r\n\t\t\t\t\t\t\t\t\t\t\t<img decoding=\"async\" class=\"sp-thumbnail\" loading=\"lazy\" src=\"https:\/\/puntamitalitibu.mx\/es\/wp-content\/plugins\/ultimate-responsive-image-slider\/assets\/img\/loading.gif\" data-src=\"https:\/\/puntamitalitibu.mx\/es\/wp-content\/uploads\/Cocineta-2-300x200.jpg\" alt=\"Cocineta (2)\"\/>\r\n\t\t\t\t\t\t\t\t\t\t\t<img decoding=\"async\" class=\"sp-thumbnail\" loading=\"lazy\" src=\"https:\/\/puntamitalitibu.mx\/es\/wp-content\/plugins\/ultimate-responsive-image-slider\/assets\/img\/loading.gif\" data-src=\"https:\/\/puntamitalitibu.mx\/es\/wp-content\/uploads\/Cocineta-3-300x200.jpg\" alt=\"Cocineta (3)\"\/>\r\n\t\t\t\t\t\t\t\t<\/div>\r\n\t\t\t\t\t\t<!-- slides thumbnails div end -->\r\n\t\t<\/div>\r\n\t\t<style>\r\n\/* Layout 3 *\/\r\n\/* border *\/\r\n#slider-pro-3-126 .sp-selected-thumbnail {\r\n\tborder: 4px solid #0a0000;\r\n}\r\n\r\n\/* font + color *\/\r\n.title-in  {\r\n\tfont-family: Arial !important;\r\n\tcolor: #494949 !important;\r\n\tbackground-color: #FFFFFF !important;\r\n\topacity: 0.7 !important;\r\n}\r\n.desc-in  {\r\n\tfont-family: Arial !important;\r\n\tcolor: #0a0000 !important;\r\n\tbackground-color: #00000 !important;\r\n\topacity: 0.7 !important;\r\n}\r\n\r\n\/* bullets color *\/\r\n.sp-button  {\r\n\tborder: 2px solid #ffffff !important;\r\n}\r\n.sp-selected-button  {\r\n\tbackground-color: #ffffff !important;\r\n}\r\n\r\n\/* pointer color - bottom *\/\r\n.sp-selected-thumbnail::before {\r\n\tborder-bottom: 5px solid #0a0000 !important;\r\n}\r\n.sp-selected-thumbnail::after {\r\n\tborder-bottom: 13px solid #0a0000 !important;\r\n}\r\n\r\n\/* pointer color - top *\/\r\n\r\n\/* full screen icon *\/\r\n.sp-full-screen-button::before {\r\n    color: #0a0000 !important;\r\n}\r\n\r\n\/* hover navigation icon color *\/\r\n.sp-next-arrow::after, .sp-next-arrow::before {\r\n\tbackground-color: #0a0000 !important;\r\n}\r\n.sp-previous-arrow::after, .sp-previous-arrow::before {\r\n\tbackground-color: #0a0000 !important;\r\n}\r\n\r\n#slider-pro-3-126 .title-in {\r\n\tcolor: #494949 !important;\r\n\tfont-weight: bolder;\r\n\ttext-align: center;\r\n}\r\n\r\n#slider-pro-3-126 .title-in-bg {\r\n\tbackground: rgba(255, 255, 255, 0.7); !important;\r\n\twhite-space: unset !important;\r\n\ttransform: initial !important;\r\n\t-webkit-transform: initial !important;\r\n\tfont-size: 14px !important;\r\n}\r\n\r\n#slider-pro-3-126 .desc-in {\r\n\tcolor: #0a0000 !important;\r\n\ttext-align: center;\r\n}\r\n#slider-pro-3-126 .desc-in-bg {\r\n\tbackground: rgba(#00000, 0.7) !important;\r\n\twhite-space: unset !important;\r\n\ttransform: initial !important;\r\n\t-webkit-transform: initial !important;\r\n\tfont-size: 13px !important;\r\n}\r\n\r\n@media (max-width: 640px) {\r\n\t#slider-pro-3-126 .hide-small-screen {\r\n\t\tdisplay: none;\r\n\t}\r\n}\r\n\r\n@media (max-width: 860px) {\r\n\t#slider-pro-3-126 .sp-layer {\r\n\t\tfont-size: 18px;\r\n\t}\r\n\t\r\n\t#slider-pro-3-126 .hide-medium-screen {\r\n\t\tdisplay: none;\r\n\t}\r\n}\r\n.slides-not-found {\r\n\tbackground-color: #a92929;\r\n\tborder-radius: 5px;\r\n\tcolor: #fff;\r\n\tfont-family: initial;\r\n\ttext-align: center;\r\n\tpadding:12px;\r\n}\r\n\/* Custom CSS *\/\r\n<\/style>\r\n<\/p>\n<p><strong>Estudios Sol<\/strong><\/p>\n<p>(Tercer piso) tienen una cama queen size, una cama doble, vestidor, ba\u00f1o, cocineta (equipadas con refrigerador, estufa, microondas y utensilios de cocina) y tambi\u00e9n una peque\u00f1a terraza lateral con vista a la playa y al oc\u00e9ano.<\/p>\n<p>Ocupaci\u00f3n 2 personas. Ocupaci\u00f3n m\u00e1xima: 3 personas (Costo extra ).<br \/>\n<script type=\"text\/javascript\">\r\ndocument.addEventListener(\"DOMContentLoaded\", function(event) { \r\n\tjQuery( '#slider-pro-3-133' ).sliderPro({\r\n\t\t\/\/width\r\n\t\t\t\twidth: 800,\r\n\t\t\t\t\r\n\t\t\/\/height\r\n\t\t\t\theight: 450,\r\n\t\t\t\t\r\n\t\t\/\/auto play\r\n\t\t\t\tautoplay:  true,\r\n\t\tautoplayOnHover: 'none',\r\n\t\t\t\t\t\t\t\tautoplayDelay: 5000,\r\n\t\t\r\n\t\t\r\n\t\tarrows: true,\r\n\t\tbuttons: false,\r\n\t\tsmallSize: 500,\r\n\t\tmediumSize: 1000,\r\n\t\tlargeSize: 3000,\r\n\t\tfade: true,\r\n\t\t\r\n\t\t\/\/thumbnail\r\n\t\tthumbnailArrows: true,\r\n\t\tthumbnailWidth: 50,\r\n\t\tthumbnailHeight: 50,\r\n\t\t\t\t\t\tthumbnailsPosition: 'bottom',\r\n\t\t\t\t\t\tcenterImage: true,\r\n\t\timageScaleMode: 'cover',\r\n\t\tallowScaleUp: true,\r\n\t\t\t\tstartSlide: 0,\r\n\t\tloop: true,\r\n\t\tslideDistance: 5,\r\n\t\tautoplayDirection: 'normal',\r\n\t\ttouchSwipe: true,\r\n\t\tfullScreen: true,\r\n\t});\r\n});\r\n<\/script>\r\n\r\n\t\t<div id=\"slider-pro-3-133\" class=\"slider-pro\">\r\n\t\t\t<!---- slides div start ---->\r\n\t\t\t<div class=\"sp-slides\">\r\n\t\t\t\t\t\t\t\t\t\t<div class=\"sp-slide\">\r\n\t\t\t\t\t\t\t<img decoding=\"async\" class=\"sp-image\" loading=\"lazy\" alt=\"Slider001\" src=\"https:\/\/puntamitalitibu.mx\/es\/wp-content\/plugins\/ultimate-responsive-image-slider\/assets\/css\/images\/blank.gif\" data-src=\"https:\/\/puntamitalitibu.mx\/es\/wp-content\/uploads\/Slider001-1.jpg\" \/>\r\n\r\n\t\t\t\t\t\t\t\r\n\t\t\t\t\t\t\t\t\t\t\t\t\t<\/div>\r\n\t\t\t\t\t\t\t\t\t\t\t\t<div class=\"sp-slide\">\r\n\t\t\t\t\t\t\t<img decoding=\"async\" class=\"sp-image\" loading=\"lazy\" alt=\"Slider002\" src=\"https:\/\/puntamitalitibu.mx\/es\/wp-content\/plugins\/ultimate-responsive-image-slider\/assets\/css\/images\/blank.gif\" data-src=\"https:\/\/puntamitalitibu.mx\/es\/wp-content\/uploads\/Slider002-1.jpg\" \/>\r\n\r\n\t\t\t\t\t\t\t\r\n\t\t\t\t\t\t\t\t\t\t\t\t\t<\/div>\r\n\t\t\t\t\t\t\t\t\t\t\t\t<div class=\"sp-slide\">\r\n\t\t\t\t\t\t\t<img decoding=\"async\" class=\"sp-image\" loading=\"lazy\" alt=\"Slider003\" src=\"https:\/\/puntamitalitibu.mx\/es\/wp-content\/plugins\/ultimate-responsive-image-slider\/assets\/css\/images\/blank.gif\" data-src=\"https:\/\/puntamitalitibu.mx\/es\/wp-content\/uploads\/Slider003-1.jpg\" \/>\r\n\r\n\t\t\t\t\t\t\t\r\n\t\t\t\t\t\t\t\t\t\t\t\t\t<\/div>\r\n\t\t\t\t\t\t\t\t\t\t\t\t<div class=\"sp-slide\">\r\n\t\t\t\t\t\t\t<img decoding=\"async\" class=\"sp-image\" loading=\"lazy\" alt=\"Slider004\" src=\"https:\/\/puntamitalitibu.mx\/es\/wp-content\/plugins\/ultimate-responsive-image-slider\/assets\/css\/images\/blank.gif\" data-src=\"https:\/\/puntamitalitibu.mx\/es\/wp-content\/uploads\/Slider004-1.jpg\" \/>\r\n\r\n\t\t\t\t\t\t\t\r\n\t\t\t\t\t\t\t\t\t\t\t\t\t<\/div>\r\n\t\t\t\t\t\t\t\t\t<\/div>\r\n\t\t\t\r\n\t\t\t<!---- slides div end ---->\r\n\t\t\t\t\t\t<!-- slides thumbnails div start -->\r\n\t\t\t<div class=\"sp-thumbnails\">\r\n\t\t\t\t\t\t\t\t\t\t<img decoding=\"async\" class=\"sp-thumbnail\" loading=\"lazy\" src=\"https:\/\/puntamitalitibu.mx\/es\/wp-content\/plugins\/ultimate-responsive-image-slider\/assets\/img\/loading.gif\" data-src=\"https:\/\/puntamitalitibu.mx\/es\/wp-content\/uploads\/Slider001-1-300x200.jpg\" alt=\"Slider001\"\/>\r\n\t\t\t\t\t\t\t\t\t\t\t<img decoding=\"async\" class=\"sp-thumbnail\" loading=\"lazy\" src=\"https:\/\/puntamitalitibu.mx\/es\/wp-content\/plugins\/ultimate-responsive-image-slider\/assets\/img\/loading.gif\" data-src=\"https:\/\/puntamitalitibu.mx\/es\/wp-content\/uploads\/Slider002-1-300x200.jpg\" alt=\"Slider002\"\/>\r\n\t\t\t\t\t\t\t\t\t\t\t<img decoding=\"async\" class=\"sp-thumbnail\" loading=\"lazy\" src=\"https:\/\/puntamitalitibu.mx\/es\/wp-content\/plugins\/ultimate-responsive-image-slider\/assets\/img\/loading.gif\" data-src=\"https:\/\/puntamitalitibu.mx\/es\/wp-content\/uploads\/Slider003-1-300x200.jpg\" alt=\"Slider003\"\/>\r\n\t\t\t\t\t\t\t\t\t\t\t<img decoding=\"async\" class=\"sp-thumbnail\" loading=\"lazy\" src=\"https:\/\/puntamitalitibu.mx\/es\/wp-content\/plugins\/ultimate-responsive-image-slider\/assets\/img\/loading.gif\" data-src=\"https:\/\/puntamitalitibu.mx\/es\/wp-content\/uploads\/Slider004-1-300x200.jpg\" alt=\"Slider004\"\/>\r\n\t\t\t\t\t\t\t\t<\/div>\r\n\t\t\t\t\t\t<!-- slides thumbnails div end -->\r\n\t\t<\/div>\r\n\t\t<style>\r\n\/* Layout 3 *\/\r\n\/* border *\/\r\n#slider-pro-3-133 .sp-selected-thumbnail {\r\n\tborder: 4px solid #0a0000;\r\n}\r\n\r\n\/* font + color *\/\r\n.title-in  {\r\n\tfont-family: Arial Black !important;\r\n\tcolor: #ffffff !important;\r\n\tbackground-color: #FFFFFF !important;\r\n\topacity: 0.7 !important;\r\n}\r\n.desc-in  {\r\n\tfont-family: Arial Black !important;\r\n\tcolor: #0a0101 !important;\r\n\tbackground-color: #00000 !important;\r\n\topacity: 0.7 !important;\r\n}\r\n\r\n\/* bullets color *\/\r\n.sp-button  {\r\n\tborder: 2px solid #ffffff !important;\r\n}\r\n.sp-selected-button  {\r\n\tbackground-color: #ffffff !important;\r\n}\r\n\r\n\/* pointer color - bottom *\/\r\n.sp-selected-thumbnail::before {\r\n\tborder-bottom: 5px solid #0a0000 !important;\r\n}\r\n.sp-selected-thumbnail::after {\r\n\tborder-bottom: 13px solid #0a0000 !important;\r\n}\r\n\r\n\/* pointer color - top *\/\r\n\r\n\/* full screen icon *\/\r\n.sp-full-screen-button::before {\r\n    color: #0a0000 !important;\r\n}\r\n\r\n\/* hover navigation icon color *\/\r\n.sp-next-arrow::after, .sp-next-arrow::before {\r\n\tbackground-color: #0a0000 !important;\r\n}\r\n.sp-previous-arrow::after, .sp-previous-arrow::before {\r\n\tbackground-color: #0a0000 !important;\r\n}\r\n\r\n#slider-pro-3-133 .title-in {\r\n\tcolor: #ffffff !important;\r\n\tfont-weight: bolder;\r\n\ttext-align: center;\r\n}\r\n\r\n#slider-pro-3-133 .title-in-bg {\r\n\tbackground: rgba(255, 255, 255, 0.7); !important;\r\n\twhite-space: unset !important;\r\n\ttransform: initial !important;\r\n\t-webkit-transform: initial !important;\r\n\tfont-size: 14px !important;\r\n}\r\n\r\n#slider-pro-3-133 .desc-in {\r\n\tcolor: #0a0101 !important;\r\n\ttext-align: center;\r\n}\r\n#slider-pro-3-133 .desc-in-bg {\r\n\tbackground: rgba(#00000, 0.7) !important;\r\n\twhite-space: unset !important;\r\n\ttransform: initial !important;\r\n\t-webkit-transform: initial !important;\r\n\tfont-size: 13px !important;\r\n}\r\n\r\n@media (max-width: 640px) {\r\n\t#slider-pro-3-133 .hide-small-screen {\r\n\t\tdisplay: none;\r\n\t}\r\n}\r\n\r\n@media (max-width: 860px) {\r\n\t#slider-pro-3-133 .sp-layer {\r\n\t\tfont-size: 18px;\r\n\t}\r\n\t\r\n\t#slider-pro-3-133 .hide-medium-screen {\r\n\t\tdisplay: none;\r\n\t}\r\n}\r\n.slides-not-found {\r\n\tbackground-color: #a92929;\r\n\tborder-radius: 5px;\r\n\tcolor: #fff;\r\n\tfont-family: initial;\r\n\ttext-align: center;\r\n\tpadding:12px;\r\n}\r\n\/* Custom CSS *\/\r\n<\/style>\r\n<\/p>\n<p>Estamos en la playa m\u00e1s virgen y exclusiva en toda la zona, a s\u00f3lo 30 minutos de Nuevo Vallarta. Ideal para escaparse con su pareja y descansar en una confortable recamara estudio, donde encontrara m\u00e1s privacidad que en un hotel boutique para adultos, pero al precio de un hotel econ\u00f3mico, en la exclusiva playa Punta Mita Litibu.<\/p>\n<p>Estamos ubicados en un camino rustico muy cerca de la avenida principal (donde puede circular todo tipo de autom\u00f3vil), nuestra playa es todav\u00eda virgen, sin tanta gente y es la m\u00e1s limpia y sin contaminaci\u00f3n en toda la zona.<\/p>\n<p>Hay un restaurante famoso a 100 metros de nosotros \u201cEl Barracuda&#8221; pero todos los restaurantes, tiendas y lavander\u00eda est\u00e1n en el centro de Punta de Mita a 8 minutos en autom\u00f3vil (6 kil\u00f3metros caminando). Usted puede tomar taxis pero si renta un auto, tambi\u00e9n puede visitar algunos sitios cercanos interesantes.<\/p>\n<p>Le invitamos a vivir la experiencia de disfrutar una playa pr\u00e1cticamente virgen donde podr\u00e1 nadar, esnorquelear, pescar, pasear en kayak o simplemente caminar y llenarse de la tremenda energ\u00eda que existe en este lugar.<\/p>\n<p>Un excelente lugar para descansar o disfrutar de una inolvidable luna de miel en una c\u00f3moda habitaci\u00f3n estudio.<\/p>\n<p>Queremos ofrecerle el lugar ideal, para descansar y relajarse.<\/p>\n<p><strong>POR ESE MOTIVO:<\/strong><br \/>\n\u2022 Las instalaciones son para uso exclusivo de las personas que reservan.<br \/>\n(Sin invitados, ni\u00f1os ni mascotas).<br \/>\n\u2022 Este no es un lugar para fiestas o fumadores.<br \/>\n\u2022 Bienvenidos adolescentes y j\u00f3venes con buen comportamiento.<br \/>\n\u2022 Por respeto a los vecinos, es importante que la m\u00fasica no exceda un volumen moderado y termine antes de las 11:00 PM.<br \/>\n\u2022 El horario de la alberca es de 8:00 AM a 8:00 PM.<br \/>\n\u2022 El horario del aire acondicionado es de 8:00 PM a 8:00 AM.<br \/>\n\u2022 A su llegada, solicitamos un dep\u00f3sito de buena fe, $ 3,000.00 en efectivo, que ser\u00e1 reembolsable a la salida.<br \/>\n\u2022 Entrada 3:00 PM Salida al medio d\u00eda. Horario del centro.<\/p>\n","protected":false},"excerpt":{"rendered":"<p>Estudios Mar (Tercer piso) tienen una cama queen size, vestidor, ba\u00f1o, cocineta (equipadas con refrigerador, estufa, microondas y utensilios de cocina) y tambi\u00e9n una gran terraza delantera con una incre\u00edble vista de la playa y el oc\u00e9ano. Ocupaci\u00f3n m\u00e1xima: 2&hellip; <\/p>\n","protected":false},"author":1,"featured_media":0,"parent":0,"menu_order":0,"comment_status":"closed","ping_status":"closed","template":"","meta":{"footnotes":""},"_links":{"self":[{"href":"https:\/\/puntamitalitibu.mx\/es\/wp-json\/wp\/v2\/pages\/7"}],"collection":[{"href":"https:\/\/puntamitalitibu.mx\/es\/wp-json\/wp\/v2\/pages"}],"about":[{"href":"https:\/\/puntamitalitibu.mx\/es\/wp-json\/wp\/v2\/types\/page"}],"author":[{"embeddable":true,"href":"https:\/\/puntamitalitibu.mx\/es\/wp-json\/wp\/v2\/users\/1"}],"replies":[{"embeddable":true,"href":"https:\/\/puntamitalitibu.mx\/es\/wp-json\/wp\/v2\/comments?post=7"}],"version-history":[{"count":18,"href":"https:\/\/puntamitalitibu.mx\/es\/wp-json\/wp\/v2\/pages\/7\/revisions"}],"predecessor-version":[{"id":601,"href":"https:\/\/puntamitalitibu.mx\/es\/wp-json\/wp\/v2\/pages\/7\/revisions\/601"}],"wp:attachment":[{"href":"https:\/\/puntamitalitibu.mx\/es\/wp-json\/wp\/v2\/media?parent=7"}],"curies":[{"name":"wp","href":"https:\/\/api.w.org\/{rel}","templated":true}]}}