{"id":31,"date":"2018-09-16T22:07:27","date_gmt":"2018-09-17T04:07:27","guid":{"rendered":"https:\/\/puntamitalitibu.mx\/es\/?page_id=31"},"modified":"2019-10-10T15:24:32","modified_gmt":"2019-10-10T21:24:32","slug":"como-llegar-desde-el-aeropuerto-de-puerto-vallarta","status":"publish","type":"page","link":"https:\/\/puntamitalitibu.mx\/es\/ubicacion-de-estudios-en-la-playa\/como-llegar-desde-el-aeropuerto-de-puerto-vallarta\/","title":{"rendered":"Como Llegar desde el Aeropuerto de Puerto Vallarta"},"content":{"rendered":"<p><iframe loading=\"lazy\" src=\"https:\/\/www.google.com\/maps\/d\/embed?mid=zD4sNXFtJlbs.k9lV6Z6BghhA\" marginwidth=\"0\" marginheight=\"0\" scrolling=\"no\" width=\"640\" height=\"350\" frameborder=\"0\"><\/iframe><br \/>\n&nbsp;<\/p>\n<p style=\"text-align: left;\">\n<strong>A) Aeropuerto \u2013 Puente Rio Ameca:<\/strong><br \/>\nUna vez que salimos del estacionamiento del aeropuerto, seguiremos por los se\u00f1alamientos de Compostela, pasaremos por debajo de la autopista y entramos a la carretera federal 200, en direcci\u00f3n Norte hasta llegar al puente del Rio Ameca.<\/p>\n<p><strong>B) Puente Rio Ameca \u2013 Crucero de La Cruz de Huancaxtle:<\/strong><br \/>\nSeguimos conduciendo hacia el norte por carretera federal 200, cruzaremos el puente del R\u00edo Ameca que marca el l\u00edmite del Estado de Jalisco y entonces entraremos al Estado de Nayarit; seguiremos adelante pasando los pueblos de Jarretaderas, Nuevo Vallarta, Mezcales, Bucer\u00edas, y m\u00e1s adelante aparece el se\u00f1alamiento de Punta de Mita, subiremos al puente en el crucero de la Cruz de Huanacaxtle para seguir hasta el crucero de Punta de Mita.<\/p>\n<p><strong>C) Crucero de La Cruz de Huancaxtle \u2013 Crucero de Punta de Mita:<\/strong><br \/>\nPasaremos el puente de la Cruz de Hunanacaxtle en direccion al crucero de Punta de Mita donde encontraremos los se\u00f1alamientos de Higuera Blanca y Sayulita, giramos a la derecha y manejamos un 1 km aproximadamente. Antes del Campo de Golf Litibu encontraras a mano izquierda la entrada a la Playa. Seguiremos por el camino de terracer\u00eda hasta encontrar el # 140.<\/p>\n<p><strong>D)Punta Mita Litibu Beachfront Studios.<\/strong><\/p>\n<div style=\"text-align:right; background-color: #8c0b07; cursor: pointer; float: right; padding: 2px 6px;  \"><a href=\"https:\/\/puntamitalitibu.mx\/es\/ubicacion-de-estudios-en-la-playa\/como-llegar-desde-guadalajara\/\" style=\"color:#fff;\">Como llegar desde Guadalajara \u00bb<\/a><\/div>\n<div style=\"text-align:left; background-color: #8c0b07; cursor: pointer; float: left; padding: 2px 6px;  \"><a href=\"https:\/\/puntamitalitibu.mx\/es\/ubicacion-de-estudios-en-la-playa\/\" style=\"color:#fff;\">Ubicacion de los Estudios en la playa \u00bb<\/a><\/div>\n","protected":false},"excerpt":{"rendered":"<p>&nbsp; A) Aeropuerto \u2013 Puente Rio Ameca: Una vez que salimos del estacionamiento del aeropuerto, seguiremos por los se\u00f1alamientos de Compostela, pasaremos por debajo de la autopista y entramos a la carretera federal 200, en direcci\u00f3n Norte hasta llegar al&hellip; <\/p>\n","protected":false},"author":1,"featured_media":0,"parent":27,"menu_order":0,"comment_status":"closed","ping_status":"closed","template":"","meta":{"footnotes":""},"_links":{"self":[{"href":"https:\/\/puntamitalitibu.mx\/es\/wp-json\/wp\/v2\/pages\/31"}],"collection":[{"href":"https:\/\/puntamitalitibu.mx\/es\/wp-json\/wp\/v2\/pages"}],"about":[{"href":"https:\/\/puntamitalitibu.mx\/es\/wp-json\/wp\/v2\/types\/page"}],"author":[{"embeddable":true,"href":"https:\/\/puntamitalitibu.mx\/es\/wp-json\/wp\/v2\/users\/1"}],"replies":[{"embeddable":true,"href":"https:\/\/puntamitalitibu.mx\/es\/wp-json\/wp\/v2\/comments?post=31"}],"version-history":[{"count":8,"href":"https:\/\/puntamitalitibu.mx\/es\/wp-json\/wp\/v2\/pages\/31\/revisions"}],"predecessor-version":[{"id":353,"href":"https:\/\/puntamitalitibu.mx\/es\/wp-json\/wp\/v2\/pages\/31\/revisions\/353"}],"up":[{"embeddable":true,"href":"https:\/\/puntamitalitibu.mx\/es\/wp-json\/wp\/v2\/pages\/27"}],"wp:attachment":[{"href":"https:\/\/puntamitalitibu.mx\/es\/wp-json\/wp\/v2\/media?parent=31"}],"curies":[{"name":"wp","href":"https:\/\/api.w.org\/{rel}","templated":true}]}}