{"id":29,"date":"2018-09-16T22:06:23","date_gmt":"2018-09-17T04:06:23","guid":{"rendered":"https:\/\/puntamitalitibu.mx\/es\/?page_id=29"},"modified":"2019-10-10T15:22:58","modified_gmt":"2019-10-10T21:22:58","slug":"como-llegar-desde-guadalajara","status":"publish","type":"page","link":"https:\/\/puntamitalitibu.mx\/es\/ubicacion-de-estudios-en-la-playa\/como-llegar-desde-guadalajara\/","title":{"rendered":"Como llegar desde Guadalajara"},"content":{"rendered":"<p><iframe loading=\"lazy\" src=\"https:\/\/www.google.com\/maps\/d\/embed?mid=1Xm8TaRZVfc3A2AdKx-7Kjpihi07-FRoy\" width=\"640\" height=\"350\"><\/iframe><\/p>\n<p style=\"text-align: left;\"><strong>A) Carretera &#8220;Guadalajara-Pto. Vallarta&#8221; \u2013 Crucero de Sayulita:<\/strong><\/p>\n<p>Tomar la carretera &#8220;Guadalajara &#8211; Pto. Vallarta&#8221;, manejar hasta la salida de Tequepexpan con direcci\u00f3n a Compostela y ahi tomar Carretera Federal 200 a Puerto Vallarta. Pasar\u00e1s por los poblados de La Pe\u00f1ita de Jaltemb\u00e1, Rinc\u00f3n de Guayabitos, Lo de Marcos, San Francisco y llegando a Sayulita tomar salida rumbo a Punta de Mita.<\/p>\n<p style=\"text-align: left;\"><strong>B) Sayulita &#8211; Punta Mita Litibu Beachfront Studios<\/strong><\/p>\n<p>Pasando el poblado de Higera Blanca donde termina el campo de golf Litibu, encontraras a mano derecha la entrada a la Playa. Seguiremos por el camino de terracer\u00eda hasta encontrar el # 140.<\/p>\n<p style=\"text-align: left;\"><strong>D)Punta Mita Litibu Beachfront Studios<\/strong><\/p>\n<div style=\"text-align: right; background-color: #8c0b07; cursor: pointer; float: right; padding: 2px 6px;\"><a style=\"color: #fff;\" href=\"https:\/\/puntamitalitibu.mx\/es\/ubicacion-de-estudios-en-la-playa\/como-llegar-desde-el-aeropuerto-de-puerto-vallarta\/\">Como llegar desde el aeropuerto de Puerto Vallarta \u00bb<\/a><\/div>\n<div style=\"text-align: left; background-color: #8c0b07; cursor: pointer; float: left; padding: 2px 6px;\"><a style=\"color: #fff;\" href=\"https:\/\/puntamitalitibu.mx\/es\/ubicacion-de-estudios-en-la-playa\/\">Ubicacion de los Estudios en la playa\u00bb<\/a><\/div>\n","protected":false},"excerpt":{"rendered":"<p>A) Carretera &#8220;Guadalajara-Pto. Vallarta&#8221; \u2013 Crucero de Sayulita: Tomar la carretera &#8220;Guadalajara &#8211; Pto. Vallarta&#8221;, manejar hasta la salida de Tequepexpan con direcci\u00f3n a Compostela y ahi tomar Carretera Federal 200 a Puerto Vallarta. Pasar\u00e1s por los poblados de La&hellip; <\/p>\n","protected":false},"author":1,"featured_media":0,"parent":27,"menu_order":0,"comment_status":"closed","ping_status":"closed","template":"","meta":{"footnotes":""},"_links":{"self":[{"href":"https:\/\/puntamitalitibu.mx\/es\/wp-json\/wp\/v2\/pages\/29"}],"collection":[{"href":"https:\/\/puntamitalitibu.mx\/es\/wp-json\/wp\/v2\/pages"}],"about":[{"href":"https:\/\/puntamitalitibu.mx\/es\/wp-json\/wp\/v2\/types\/page"}],"author":[{"embeddable":true,"href":"https:\/\/puntamitalitibu.mx\/es\/wp-json\/wp\/v2\/users\/1"}],"replies":[{"embeddable":true,"href":"https:\/\/puntamitalitibu.mx\/es\/wp-json\/wp\/v2\/comments?post=29"}],"version-history":[{"count":8,"href":"https:\/\/puntamitalitibu.mx\/es\/wp-json\/wp\/v2\/pages\/29\/revisions"}],"predecessor-version":[{"id":352,"href":"https:\/\/puntamitalitibu.mx\/es\/wp-json\/wp\/v2\/pages\/29\/revisions\/352"}],"up":[{"embeddable":true,"href":"https:\/\/puntamitalitibu.mx\/es\/wp-json\/wp\/v2\/pages\/27"}],"wp:attachment":[{"href":"https:\/\/puntamitalitibu.mx\/es\/wp-json\/wp\/v2\/media?parent=29"}],"curies":[{"name":"wp","href":"https:\/\/api.w.org\/{rel}","templated":true}]}}